{"id":87,"date":"2012-06-11T18:28:18","date_gmt":"2012-06-11T18:28:18","guid":{"rendered":"http:\/\/sv-niederoefflingen.de\/?page_id=87"},"modified":"2013-06-06T12:54:54","modified_gmt":"2013-06-06T10:54:54","slug":"oldie-team","status":"publish","type":"page","link":"http:\/\/sv-niederoefflingen.de\/?page_id=87","title":{"rendered":"Oldie-Team"},"content":{"rendered":"\n<!-- Facebook Like Button v1.9.6 BEGIN [http:\/\/blog.bottomlessinc.com] -->\n<iframe src=\"http:\/\/www.facebook.com\/plugins\/like.php?href=http%3A%2F%2Fsv-niederoefflingen.de%2F%3Fpage_id%3D87&amp;layout=button_count&amp;show_faces=false&amp;width=450&amp;action=like&amp;colorscheme=light\" scrolling=\"no\" frameborder=\"0\" allowTransparency=\"true\" style=\"border:none; overflow:hidden; width:450px; height: 30px; align: left; margin: 3px 2px 3px 2px\"><\/iframe>\n<!-- Facebook Like Button END -->\n<p><strong>Die Gr\u00fcndung<\/strong><br \/>\nDer Sportverein Nieder\u00f6fflingen hatte bis zur Gr\u00fcndung der Spielgemeinschaft mit Laufeld und Wallscheid im Jahre 1990 eine eigene Fussball-Senioren-Mannschaft, die am Spielbetrieb in den verschiedenen Kreisklassen teilnahm. Insgesamt 8 dieser Spieler fanden sich am 28.12.1993 im Gasthaus Weber ein, um eine Alte Herren-Mannschaft zu gr\u00fcnden.<br \/>\nHier beschloss man k\u00fcnftig vor der Spielzeit zu trainieren und auf Sportfesten in der n\u00e4heren Umgebung gegen andere Ah Mannschaften zu spielen. Zum ersten Teamleiter wurde Paul Benz gew\u00e4hlt, Stellvertreter wurde Horst Rodermund. Robert Konrad \u00fcbernahm die sportliche Leitung, Alfred Stolz im August 1994 das Amt des Schatzmeisters. Die Gr\u00fcnder gaben sich den Namen &#8222;Oldie Team&#8220;.<\/p>\n<p><strong>Das erste Spiel<\/strong><br \/>\nDas erste Spiel fand am Samstag, 14.Mai 1994 auf dem Sportfest in Wallscheid gegen die FZM Udler statt. In den ersten Jahren wurden in den Sommermonaten jeweils etwa 6 bis 8 Spiele durchgef\u00fchrt. Im Laufe der Jahre erh\u00f6hte sich die Anzahl der Spiele kontinuierlich bis auf 14 Begnungen im Jahre 2006. Seitdem haben sich die Zahkl der Spiele pro Saison weiter erh\u00f6ht, so dass man in den Jahren zwischen 15 und 20 Spiele pro Saison bestreitet. Die Saison 2002 war die sportlich erfogreichste seit Bestehen. In 15 Begegnungen gab es 10 Siege, 3 Unentschieden und nur 2 Niederlagen. Neben einer sattelfesten Abwehr konnte insbesondere unser Mittelfeld technisch und spielerisch \u00fcberzeugen. Es macnte Spa\u00df zuzuschauen. Auch unsere Torj\u00e4ger konnten die Erwartungen erf\u00fcllen, drei Spieler erzielten mehr als 10 Treffer.<br \/>\nMittlerweile gewann man im Jahre 2011 und 2012 (siehe Bild) jeweils den VG-Pokal der AH Teams der VG Manderscheid.<\/p>\n<p><a href=\"http:\/\/sv-niederoefflingen.de\/wp-content\/uploads\/2013\/04\/IMGP2462.jpg\"><img decoding=\"async\" loading=\"lazy\" src=\"http:\/\/sv-niederoefflingen.de\/wp-content\/uploads\/2013\/04\/IMGP2462-300x224.jpg\" alt=\"\" width=\"300\" height=\"224\" \/><\/a><\/p>\n<p><strong>Die Mitglieder<\/strong><br \/>\nDie Mitgliederzahl erh\u00f6hte sich im Laufe der Jahre immer mehr auf bis mittlerweile 46 (Stand:April 2013). Dabei handelt es sich bei 25 Mitgliedern um aktive Spieler, die dem Koordinator und Spielertrainer Klaus Ahnen (der das Amt von Andreas Theisen \u00fcbernahm) zur Verf\u00fcgung stehen. (siehe Bild Mannschaft aus 2011)<\/p>\n<p><a href=\"http:\/\/sv-niederoefflingen.de\/wp-content\/uploads\/2013\/04\/Mannschaft-mit.jpg\"><img decoding=\"async\" loading=\"lazy\" src=\"http:\/\/sv-niederoefflingen.de\/wp-content\/uploads\/2013\/04\/Mannschaft-mit-300x225.jpg\" alt=\"\" width=\"300\" height=\"225\" \/><\/a><\/p>\n<p><strong>Nach Saisonschluss<\/strong><br \/>\nNach dem Abschluss der Saison f\u00fchren wir eine gesellige Veranstaltung durch. Nach zwei Wanderungen im Jahre 2001 und 2002 f\u00fchrte uns im Jahre 2003 eine Radtour \u00fcber den Mosel-Maare-Radweg bis nach \u00dcrzig, wo wir am Abend vom Radlerbus abgeholt und sicher nach Hause gebracht wurden. Im Jahre 2004 kletterten wir durch die Steillagen des Mosel-H\u00f6henweges bei Ediger-Eller. 2005 f\u00fchrten wir \u00fcber drei Tage ein Zeltlager an der Alf bei Niederscheidweiler durch. Nach dem letzten Saisonspiel besuchten wir mit Frauen, Freundinnen pp. das Oktoberfest in Neunkirchen (bei Daun). Ein dreit\u00e4giges Zeltlager wurde auch in 2006 am Finsterbach bei Gipperath durchgef\u00fchrt. In 2007 und 2008 zelteten wir an der Schutzh\u00fctte in Karl. Eine Busfahrt f\u00fchrte uns im September 2008 zun\u00e4chst zu einem Spiel gegen die FZM Niederkassel (mit Frank Waldorf) und anschlie\u00dfend in die K\u00f6lner Altstadt. Das selbe weiderholten wir dann auch im Jahre 2011.<br \/>\nIm Jahre 2010 fuhr mit dem Bus bei fast sommerlichen Temperaturen im November \u00fcber zwei Tage (Samstag fr\u00fch morgens bis Sonntag sp\u00e4t abends) nach M\u00fcnchen mit einem Besuch des Bundesliga Spiels FC Bayern M\u00fcnchen gegen FC N\u00fcrnberg.<br \/>\nIm Jahre 2012 f\u00fchrte dann eine Bustour zum Bundesliga Spiel Leverkusen gegen Mainz. Anschlie\u00dfend ging es weiter nach D\u00fcsseldorf mir Altstadtbesuch und Sonntags zur\u00fcck.<\/p>\n<p><strong>In den Wintermonaten<\/strong><br \/>\nIn den Wintermonaten nahmen wir an wenigen, ausgesuchten Hallenturnieren teil. Im Jahre 2007 konnte das Team beim Hallenturnier in Wittlich gegen starke Gegner den Gruppensieg erringen. Vor dem ersten Training im Jahr findet eine Besprechung statt, bei welcher der Coach, der Kassenwart und die Kassenpr\u00fcfer \u00fcber ihre T\u00e4tigkeiten berichten. Es werden Trainingsumfang, Spiele und Veranstaltungen des Jahres besprochen, so wie die Aufgaben verteilt.<br \/>\nAlle zwei Jahre findet eine Neuwahl der Teamleitung statt. Aktuell besteht diese aus dem 1.Vorsitzenden Marco Reis, Koordinator und Trainer Klaus Ahnen und Kassenwart Karl Kr\u00e4mer. Spielf\u00fchrer ist Klaus Ahnen.<\/p>\n<p><strong>Danke<\/strong><br \/>\nFast alle Mitglieder geh\u00f6ren auch dem SV Nieder\u00f6fflingen an, dem wir an dieser Stelle f\u00fcr seine Unterst\u00fctzung herzlich danken.<br \/>\nBedanken m\u00f6chten wir uns aber auch bei unseren Sponsoren, der Fa. Werbedesign Repp (Herr Ulli Repp), der Fa. EVA Speed SARL (Herr Rene Erhardt) und auch den alten Sponsoren Gasthaus Stolz und Gasthaus Weber, die in der Vergangenheit und in Zukunft Trikots, Trainingsanz\u00fcge und Sporttaschen gespendet haben.<br \/>\n<a href=\"http:\/\/sv-niederoefflingen.de\/wp-content\/uploads\/2013\/04\/DSC_0009.jpg\"><img decoding=\"async\" loading=\"lazy\" src=\"http:\/\/sv-niederoefflingen.de\/wp-content\/uploads\/2013\/04\/DSC_0009-300x191.jpg\" alt=\"\" width=\"300\" height=\"191\" \/><\/a><\/p>\n<p><strong>(Bericht: Horst Rodermund &#8211; erg\u00e4nzt: Marco Reis)<\/strong><\/p>\n<p>&nbsp;<\/p>\n","protected":false},"excerpt":{"rendered":"<p><strong>Die Gr\u00fcndung<\/strong><br \/> Der Sportverein Nieder\u00f6fflingen hatte bis zur Gr\u00fcndung der Spielgemeinschaft mit Laufeld und Wallscheid im Jahre 1990 eine  \u2026 <a href=\"http:\/\/sv-niederoefflingen.de\/?page_id=87\">weiterlesen <span class=\"meta-nav\">&rarr; <\/span><\/a><\/p>\n","protected":false},"author":1,"featured_media":0,"parent":58,"menu_order":1,"comment_status":"closed","ping_status":"open","template":"","meta":[],"_links":{"self":[{"href":"http:\/\/sv-niederoefflingen.de\/index.php?rest_route=\/wp\/v2\/pages\/87"}],"collection":[{"href":"http:\/\/sv-niederoefflingen.de\/index.php?rest_route=\/wp\/v2\/pages"}],"about":[{"href":"http:\/\/sv-niederoefflingen.de\/index.php?rest_route=\/wp\/v2\/types\/page"}],"author":[{"embeddable":true,"href":"http:\/\/sv-niederoefflingen.de\/index.php?rest_route=\/wp\/v2\/users\/1"}],"replies":[{"embeddable":true,"href":"http:\/\/sv-niederoefflingen.de\/index.php?rest_route=%2Fwp%2Fv2%2Fcomments&post=87"}],"version-history":[{"count":8,"href":"http:\/\/sv-niederoefflingen.de\/index.php?rest_route=\/wp\/v2\/pages\/87\/revisions"}],"predecessor-version":[{"id":1387,"href":"http:\/\/sv-niederoefflingen.de\/index.php?rest_route=\/wp\/v2\/pages\/87\/revisions\/1387"}],"up":[{"embeddable":true,"href":"http:\/\/sv-niederoefflingen.de\/index.php?rest_route=\/wp\/v2\/pages\/58"}],"wp:attachment":[{"href":"http:\/\/sv-niederoefflingen.de\/index.php?rest_route=%2Fwp%2Fv2%2Fmedia&parent=87"}],"curies":[{"name":"wp","href":"https:\/\/api.w.org\/{rel}","templated":true}]}}