{"id":60,"date":"2012-06-11T16:49:40","date_gmt":"2012-06-11T16:49:40","guid":{"rendered":"http:\/\/sv-niederoefflingen.de\/?page_id=60"},"modified":"2015-07-22T11:42:42","modified_gmt":"2015-07-22T09:42:42","slug":"sg-2","status":"publish","type":"page","link":"http:\/\/sv-niederoefflingen.de\/?page_id=60","title":{"rendered":"SG"},"content":{"rendered":"\n<!-- Facebook Like Button v1.9.6 BEGIN [http:\/\/blog.bottomlessinc.com] -->\n<iframe src=\"http:\/\/www.facebook.com\/plugins\/like.php?href=http%3A%2F%2Fsv-niederoefflingen.de%2F%3Fpage_id%3D60&amp;layout=button_count&amp;show_faces=false&amp;width=450&amp;action=like&amp;colorscheme=light\" scrolling=\"no\" frameborder=\"0\" allowTransparency=\"true\" style=\"border:none; overflow:hidden; width:450px; height: 30px; align: left; margin: 3px 2px 3px 2px\"><\/iframe>\n<!-- Facebook Like Button END -->\n<p><strong><img decoding=\"async\" loading=\"lazy\" class=\"alignright size-full wp-image-266\" title=\"imglogolwn_120\" src=\"http:\/\/sv-niederoefflingen.de\/wp-content\/uploads\/2012\/06\/imglogolwn_120.jpg\" alt=\"\" width=\"120\" height=\"170\" \/>Der erste Spielbetrieb<\/strong><\/p>\n<p>Die erste Saison 1992\/93 der Spielgemeinschaft (SG) wird mit je einer Mannschaft in der Kreisliga A,C und D begonnen. Die Mannschaften bringen jedoch nicht den erhofften sportlichen Erfolg. Um den drohenden Abstieg der 1.Mannschaft abzuwenden \u00fcbernimmt mit der Saison 93\/94 Erhard Schiffels das Training und l\u00f6st den damaligen Trainer, Herr Jakobi aus Reil ab. Nach geschafften Klassenerhalt wird Schiffels f\u00fcr die Saison 93\/94 verpflichtet. Die Saison startet mit Beschluss des SG-Vorstand mit zwei Mannschaften, da nur noch 35 Spieler f\u00fcr den Spielbetrieb bereitstehen. Es wird angeregt f\u00fcr die Saison 94\/95 junge Spieler aus der Umgebung zu gewinnen. Frank Meeth, der in der Jugend in Laufeld spielte und als aktiver Spieler in Kr\u00f6v und Daun in der Verbands- und Landesliga Erfolg hatte wird als Spielertrainer verpflichtet.<\/p>\n<p><img decoding=\"async\" src=\"https:\/\/scontent-fra3-1.xx.fbcdn.net\/hphotos-xtp1\/v\/t1.0-9\/11695850_860545777370197_3080637444957825142_n.jpg?oh=0a2bd68af1efebe74f9931e6487931f4&amp;oe=564F5587\" alt=\"\" \/><\/p>\n<ul>\n<li>In der Saison 94\/95 wird der 2.Platz in der Kreisliga A erreicht. In der Relegation scheitert man am Aufstieg in die Bezirksliga.<\/li>\n<li>In der Saison 95\/96 gelingt mit dem 2.Platz in der Kreisliga A und der folgenden Relegation der Aufstieg in die Bezirksliga.<\/li>\n<li>Die 2.Mannschaft schafft den Sprung von der Kreisliga C in die Kreisliga B.<\/li>\n<li>96\/97 2.Tabellenplatz in der Bezirksliga. In der Relegation Aufstieg in die Landesliga.<\/li>\n<li>In den Spielzeiten 97\/98, 98\/99 und 99\/00 gute Mittelfeldpl\u00e4tze in der Landesliga.<\/li>\n<li>In der Saison 00\/01 3.Platz in der Landesliga.<\/li>\n<li>Unsere 2.Mannschaft platzierte sich in den vergangenen Spielzeiten immer auf guten Mittelfeldpl\u00e4tzen in der Kreisliga B.<\/li>\n<li>Am Saisonende 2000\/2001 beendet Frank Meeth nach gro\u00dfer Einsatzbereitschaft und erfolgreicher Arbeit seine Trainert\u00e4tigkeit.<\/li>\n<li>Zum Beginn der Saison 2001\/2002 \u00fcbernimmt Sascha Meeth (bisheriger A-Jugendtrainer und Spieler der 1.Mannschaft) das Traineramt im Seniorenbereich.<\/li>\n<\/ul>\n<p>&nbsp;<\/p>\n<p>Die Integration der jungen Spieler aus dem Umfeld der SG findet seit Gr\u00fcndung der Spielgemeinschaft durch den Betreuer der\u00a01.Mannschaft, Wilfried Lescher vom SV- Wallscheid, in Zusammenarbeit mit dem Trainer statt.<\/p>\n<p>Gro\u00dfe Unterst\u00fctzung erh\u00e4lt unsere Spielgemeinschaft von der Firma RBB Aluminium-Profiltechnik AG aus Wallscheid die seit\u00a0Saisonbeginn 96\/97 als Sponsoring-Partner t\u00e4tig ist.<\/p>\n<p><strong>Die Gr\u00fcndung<\/strong><\/p>\n<p>Am 07.05.1992 beschlossen die 19 Vorstandsmitglieder der Sportvereine Laufeld, Wallscheid und Nieder\u00f6fflingen in der Alten Nieder\u00f6fflinger Schule die Gr\u00fcndung unserer Spielgemeinschaft &#8222;Laufeld\/Wallscheid\/Nieder\u00f6fflingen&#8220;. Anlass waren Nachwuchsprobleme sowie die drohende \u00dcberalterung der einzelnen Vereine, die in der Saison 91\/92 noch mit folgenden\u00a0Mannschaften am Spielbetrieb teilnahmen:<\/p>\n<p><strong>SV Laufeld<\/strong><\/p>\n<ul>\n<li>1. Mannschaft Kreisliga A<\/li>\n<li>2. Mannschaft Aufstieg in Kreisliga C<\/li>\n<\/ul>\n<div><strong>SV Nieder\u00f6fflingen<\/strong><\/div>\n<div>\n<ul>\n<li>Kreisliga C<\/li>\n<\/ul>\n<div><strong>SV Wallscheid<\/strong><\/div>\n<div>\n<ul>\n<li>Kreisliga C<\/li>\n<\/ul>\n<p>Man war sich einig den weiteren Spielbetrieb und sportlichen Erfolg innerhalb der neuen Spielgemeinschaft zu realisieren. Werner Simon vom SV Laufeld wurde damit beauftragt den SG-Vertrag auszuarbeiten.<\/p>\n<p><strong>Es wurden folgende Eckpunkte festgelegt:<\/strong><\/p>\n<\/div>\n<\/div>\n<ul>\n<li>Dem Vorstand der Spielgemeinschaft geh\u00f6ren jeweils der 1. Vorsitzende und die Gesch\u00e4ftsf\u00fchrer der drei Vereine an.<\/li>\n<li>Federf\u00fchrender Verein ist der SV Laufeld.<\/li>\n<li>Der Kassenwart wird vom SV Laufeld gestellt.<\/li>\n<\/ul>\n<p><strong>Am 07.05.1992 wurden in den Vorstand gew\u00e4hlt:<\/strong><\/p>\n<div>\n<ul>\n<li>Otmar Klas: 1.Vorsitzender SV Laufeld<\/li>\n<li>Werner Simon: Gesch\u00e4ftsf\u00fchrer SV Laufeld<\/li>\n<li>Erwin Lehnertz: 1.Vorsitzender SV Wallscheid<\/li>\n<li>Wilfried Lescher: Gesch\u00e4ftsf\u00fchrer SV Wallscheid<\/li>\n<li>Josef Konrad: 1.Vorsitzender SV Nieder\u00f6fflingen<\/li>\n<li>Friedhelm Schouren: Gesch\u00e4ftsf\u00fchrer SV Nieder\u00f6fflingen<\/li>\n<li>Harald Becker: SV Laufeld als Kassenwart<\/li>\n<\/ul>\n<div>Nach einem Antrag des SV Wallscheid, wurde am 05.10.1995 wurde der SG-Vorstand um die 2. Vorsitzenden der drei Vereine erweitert.<\/div>\n<p><strong>Dem heutigen SG-Vorstand geh\u00f6ren an:<\/strong><\/p>\n<div>\n<ul>\n<li>1.Vorsitzender SV Laufeld<\/li>\n<li>2.Vorsitzender SV Laufeld<\/li>\n<li>Gesch\u00e4ftsf\u00fchrer SV Laufeld<\/li>\n<li>1.Vorsitzender SV Wallscheid<\/li>\n<li>2.Vorsitzender SV Wallscheid<\/li>\n<li>Gesch\u00e4ftsf\u00fchrer SV Wallscheid<\/li>\n<li>1.Vorsitzender SV Nieder\u00f6fflingen<\/li>\n<li>2.Vorsitzender SV Nieder\u00f6fflingen<\/li>\n<li>Gesch\u00e4ftsf\u00fchrer SV Nieder\u00f6fflingen<\/li>\n<li>Kassenwart SV Laufeld<\/li>\n<\/ul>\n<\/div>\n<\/div>\n","protected":false},"excerpt":{"rendered":"<p><strong><img decoding=\"async\" loading=\"lazy\" class=\"alignright size-full wp-image-266\" title=\"imglogolwn_120\" src=\"http:\/\/sv-niederoefflingen.de\/wp-content\/uploads\/2012\/06\/imglogolwn_120.jpg\" alt=\"\" width=\"120\" height=\"170\" \/>Der erste Spielbetrieb<\/strong><\/p>\n<p>Die erste Saison 1992\/93 der Spielgemeinschaft  \u2026 <a href=\"http:\/\/sv-niederoefflingen.de\/?page_id=60\">weiterlesen <span class=\"meta-nav\">&rarr; <\/span><\/a><\/p>\n","protected":false},"author":1,"featured_media":266,"parent":58,"menu_order":2,"comment_status":"closed","ping_status":"open","template":"","meta":[],"_links":{"self":[{"href":"http:\/\/sv-niederoefflingen.de\/index.php?rest_route=\/wp\/v2\/pages\/60"}],"collection":[{"href":"http:\/\/sv-niederoefflingen.de\/index.php?rest_route=\/wp\/v2\/pages"}],"about":[{"href":"http:\/\/sv-niederoefflingen.de\/index.php?rest_route=\/wp\/v2\/types\/page"}],"author":[{"embeddable":true,"href":"http:\/\/sv-niederoefflingen.de\/index.php?rest_route=\/wp\/v2\/users\/1"}],"replies":[{"embeddable":true,"href":"http:\/\/sv-niederoefflingen.de\/index.php?rest_route=%2Fwp%2Fv2%2Fcomments&post=60"}],"version-history":[{"count":22,"href":"http:\/\/sv-niederoefflingen.de\/index.php?rest_route=\/wp\/v2\/pages\/60\/revisions"}],"predecessor-version":[{"id":264,"href":"http:\/\/sv-niederoefflingen.de\/index.php?rest_route=\/wp\/v2\/pages\/60\/revisions\/264"}],"up":[{"embeddable":true,"href":"http:\/\/sv-niederoefflingen.de\/index.php?rest_route=\/wp\/v2\/pages\/58"}],"wp:featuredmedia":[{"embeddable":true,"href":"http:\/\/sv-niederoefflingen.de\/index.php?rest_route=\/wp\/v2\/media\/266"}],"wp:attachment":[{"href":"http:\/\/sv-niederoefflingen.de\/index.php?rest_route=%2Fwp%2Fv2%2Fmedia&parent=60"}],"curies":[{"name":"wp","href":"https:\/\/api.w.org\/{rel}","templated":true}]}}