{"id":436,"date":"2012-07-05T12:40:44","date_gmt":"2012-07-05T10:40:44","guid":{"rendered":"http:\/\/sv-niederoefflingen.de\/?page_id=436"},"modified":"2013-06-06T21:11:42","modified_gmt":"2013-06-06T19:11:42","slug":"bandenwerbung","status":"publish","type":"page","link":"http:\/\/sv-niederoefflingen.de\/?page_id=436","title":{"rendered":"Bandenwerbung"},"content":{"rendered":"\n<!-- Facebook Like Button v1.9.6 BEGIN [http:\/\/blog.bottomlessinc.com] -->\n<iframe src=\"http:\/\/www.facebook.com\/plugins\/like.php?href=http%3A%2F%2Fsv-niederoefflingen.de%2F%3Fpage_id%3D436&amp;layout=button_count&amp;show_faces=false&amp;width=450&amp;action=like&amp;colorscheme=light\" scrolling=\"no\" frameborder=\"0\" allowTransparency=\"true\" style=\"border:none; overflow:hidden; width:450px; height: 30px; align: left; margin: 3px 2px 3px 2px\"><\/iframe>\n<!-- Facebook Like Button END -->\n<p><strong>Hier wird regelm\u00e4\u00dfig Fu\u00dfball gespielt. In den Heimspielen unserer Mannschaften sind h\u00e4ufig mehrere hundert Zuschauer zu Gast.<\/strong><\/p>\n<p><strong><img decoding=\"async\" loading=\"lazy\" class=\"alignnone size-full wp-image-438\" title=\"bande4_480\" src=\"http:\/\/sv-niederoefflingen.de\/wp-content\/uploads\/2012\/07\/bande4_480.jpg\" alt=\"\" width=\"480\" height=\"83\" srcset=\"http:\/\/sv-niederoefflingen.de\/wp-content\/uploads\/2012\/07\/bande4_480.jpg 480w, http:\/\/sv-niederoefflingen.de\/wp-content\/uploads\/2012\/07\/bande4_480-300x51.jpg 300w\" sizes=\"(max-width: 480px) 100vw, 480px\" \/><\/strong><\/p>\n<p><strong>Neben den von der Autobahn sichtbaren Werbefl\u00e4chen, sind weitere an den Barrieren angebracht, auch die sind werbewirksam.<\/strong><\/p>\n<p><img decoding=\"async\" loading=\"lazy\" class=\"alignnone size-full wp-image-440\" title=\"bande1_480\" src=\"http:\/\/sv-niederoefflingen.de\/wp-content\/uploads\/2012\/07\/bande1_480.jpg\" alt=\"\" width=\"480\" height=\"248\" srcset=\"http:\/\/sv-niederoefflingen.de\/wp-content\/uploads\/2012\/07\/bande1_480.jpg 480w, http:\/\/sv-niederoefflingen.de\/wp-content\/uploads\/2012\/07\/bande1_480-300x155.jpg 300w\" sizes=\"(max-width: 480px) 100vw, 480px\" \/><\/p>\n<h4><strong>Neugierig:<\/strong><\/h4>\n<p><strong><a title=\"Kontakt\" href=\"http:\/\/sv-niederoefflingen.de\/?page_id=150\">Wir&#8230; <\/a>sind gerne f\u00fcr Sie da.<\/strong><\/p>\n<p><img decoding=\"async\" loading=\"lazy\" class=\"alignnone size-full wp-image-441\" title=\"bande2_480\" src=\"http:\/\/sv-niederoefflingen.de\/wp-content\/uploads\/2012\/07\/bande2_480.jpg\" alt=\"\" width=\"480\" height=\"126\" srcset=\"http:\/\/sv-niederoefflingen.de\/wp-content\/uploads\/2012\/07\/bande2_480.jpg 480w, http:\/\/sv-niederoefflingen.de\/wp-content\/uploads\/2012\/07\/bande2_480-300x78.jpg 300w\" sizes=\"(max-width: 480px) 100vw, 480px\" \/><\/p>\n","protected":false},"excerpt":{"rendered":"<p><strong>Hier wird regelm\u00e4\u00dfig Fu\u00dfball gespielt. In den Heimspielen unserer Mannschaften sind h\u00e4ufig mehrere hundert Zuschauer zu Gast.<\/strong><\/p>\n<p><strong><img decoding=\"async\" loading=\"lazy\"  \u2026 <a href=\"http:\/\/sv-niederoefflingen.de\/?page_id=436\">weiterlesen <span class=\"meta-nav\">&rarr; <\/span><\/a><\/p>\n","protected":false},"author":1,"featured_media":0,"parent":344,"menu_order":2,"comment_status":"open","ping_status":"open","template":"template-page-with-intro.php","meta":[],"_links":{"self":[{"href":"http:\/\/sv-niederoefflingen.de\/index.php?rest_route=\/wp\/v2\/pages\/436"}],"collection":[{"href":"http:\/\/sv-niederoefflingen.de\/index.php?rest_route=\/wp\/v2\/pages"}],"about":[{"href":"http:\/\/sv-niederoefflingen.de\/index.php?rest_route=\/wp\/v2\/types\/page"}],"author":[{"embeddable":true,"href":"http:\/\/sv-niederoefflingen.de\/index.php?rest_route=\/wp\/v2\/users\/1"}],"replies":[{"embeddable":true,"href":"http:\/\/sv-niederoefflingen.de\/index.php?rest_route=%2Fwp%2Fv2%2Fcomments&post=436"}],"version-history":[{"count":7,"href":"http:\/\/sv-niederoefflingen.de\/index.php?rest_route=\/wp\/v2\/pages\/436\/revisions"}],"predecessor-version":[{"id":439,"href":"http:\/\/sv-niederoefflingen.de\/index.php?rest_route=\/wp\/v2\/pages\/436\/revisions\/439"}],"up":[{"embeddable":true,"href":"http:\/\/sv-niederoefflingen.de\/index.php?rest_route=\/wp\/v2\/pages\/344"}],"wp:attachment":[{"href":"http:\/\/sv-niederoefflingen.de\/index.php?rest_route=%2Fwp%2Fv2%2Fmedia&parent=436"}],"curies":[{"name":"wp","href":"https:\/\/api.w.org\/{rel}","templated":true}]}}