{"id":388,"date":"2012-07-05T10:24:49","date_gmt":"2012-07-05T08:24:49","guid":{"rendered":"http:\/\/sv-niederoefflingen.de\/?page_id=388"},"modified":"2013-06-04T12:32:17","modified_gmt":"2013-06-04T10:32:17","slug":"chronologie","status":"publish","type":"page","link":"http:\/\/sv-niederoefflingen.de\/?page_id=388","title":{"rendered":"Chronologie"},"content":{"rendered":"\n<!-- Facebook Like Button v1.9.6 BEGIN [http:\/\/blog.bottomlessinc.com] -->\n<iframe src=\"http:\/\/www.facebook.com\/plugins\/like.php?href=http%3A%2F%2Fsv-niederoefflingen.de%2F%3Fpage_id%3D388&amp;layout=button_count&amp;show_faces=false&amp;width=450&amp;action=like&amp;colorscheme=light\" scrolling=\"no\" frameborder=\"0\" allowTransparency=\"true\" style=\"border:none; overflow:hidden; width:450px; height: 30px; align: left; margin: 3px 2px 3px 2px\"><\/iframe>\n<!-- Facebook Like Button END -->\n<ul>\n<li>Vereinsgr\u00fcndung im Jahre 1926 als DJK<img decoding=\"async\" loading=\"lazy\" class=\"size-thumbnail wp-image-230 alignright\" title=\"wappen\" src=\"http:\/\/sv-niederoefflingen.de\/wp-content\/uploads\/2012\/06\/wappen-150x150.jpg\" alt=\"\" width=\"90\" height=\"90\" \/><\/li>\n<li>Stilllegung bzw. Verbot vor dem 2. Weltkrieg bis 1946 durch die Kriegsjahre; Vereinsbezeichnung DJK wurde durch die politische F\u00fchrung verboten.<\/li>\n<li>1946 wurde der Spielbetrieb aus allgemeinem Interesse wieder aufgenommen; man sah in der Wiederaufnahme des Spielbetriebs keine Neugr\u00fcndung des Vereins, sondern eine Weiterf\u00fchrung der fr\u00fcheren DJK. Der Verein war schlie\u00dflich nicht auf eigenen Wunsch oder durch eigenes Verschulden, vielmehr durch den politischen Machtentscheid, aufgel\u00f6st worden. Matthias Kreuz wurde 1946 zum 1.Vorsitzenden gew\u00e4hlt.<\/li>\n<li>1969 &#8211; 1970 Aufstieg in die 2. Kreisklasse<\/li>\n<li>1970 &#8211; 1971 Aufstieg in die 1. Kreisklasse &#8211; durch Engp\u00e4sse bei den Aktiven war der Abstieg in der Saison 1971\/1972 in die 2. Kreisklasse nicht vermeidbar.<\/li>\n<li>1974 wurde eine Spielgemeinschaft mit den Vereinen Laufeld und Wallscheid gegr\u00fcndet, die 1979 aufgel\u00f6st wurde.<\/li>\n<li>Seit der Saison 1979\/1980 spielte der SV Nieder\u00f6fflingen wieder als allein stehender Verein in der zweiten Kreisklasse.<\/li>\n<li>1979: Erneuerung der Sportanlage Nieder\u00f6fflingen an der Donatuskapelle.<\/li>\n<li>Seit dem 02.07.1979 wird der SV Nieder\u00f6fflingen als eingetragener Verein gef\u00fchrt. allein stehender<\/li>\n<li>Saison 1982\/1983: Abstieg aus der Kreisklasse C in die Kreisklasse D durch Nichterf\u00fcllung des Schiedsrichtersolls.<\/li>\n<li>1983: Baubeginn des Vereinshauses am Sportplatz<\/li>\n<li>1986: Fertigstellung und Einweihung des Vereinshauses anl\u00e4sslich des 40-j\u00e4hrigen Bestehens (01. &#8211; 04.08.1986).<\/li>\n<li>Saison 1989\/1990: Wiederaufstieg in die Kreisklasse C.<\/li>\n<li>1992: Gr\u00fcndung einer neuen Spielgemeinschaft mit den Vereinen Laufeld und Wallscheid.<\/li>\n<\/ul>\n","protected":false},"excerpt":{"rendered":"<ul>\n<li>Vereinsgr\u00fcndung im Jahre 1926 als DJK<img decoding=\"async\" loading=\"lazy\" class=\"size-thumbnail wp-image-230 alignright\" title=\"wappen\" src=\"http:\/\/sv-niederoefflingen.de\/wp-content\/uploads\/2012\/06\/wappen-150x150.jpg\" alt=\"\" width=\"90\" height=\"90\" \/><\/li>\n<li>Stilllegung bzw.  \u2026 <a href=\"http:\/\/sv-niederoefflingen.de\/?page_id=388\">weiterlesen <span class=\"meta-nav\">&rarr; <\/span><\/a><br \/>\n","protected":false},"author":1,"featured_media":0,"parent":130,"menu_order":1,"comment_status":"closed","ping_status":"open","template":"","meta":[],"_links":{"self":[{"href":"http:\/\/sv-niederoefflingen.de\/index.php?rest_route=\/wp\/v2\/pages\/388"}],"collection":[{"href":"http:\/\/sv-niederoefflingen.de\/index.php?rest_route=\/wp\/v2\/pages"}],"about":[{"href":"http:\/\/sv-niederoefflingen.de\/index.php?rest_route=\/wp\/v2\/types\/page"}],"author":[{"embeddable":true,"href":"http:\/\/sv-niederoefflingen.de\/index.php?rest_route=\/wp\/v2\/users\/1"}],"replies":[{"embeddable":true,"href":"http:\/\/sv-niederoefflingen.de\/index.php?rest_route=%2Fwp%2Fv2%2Fcomments&post=388"}],"version-history":[{"count":4,"href":"http:\/\/sv-niederoefflingen.de\/index.php?rest_route=\/wp\/v2\/pages\/388\/revisions"}],"predecessor-version":[{"id":1337,"href":"http:\/\/sv-niederoefflingen.de\/index.php?rest_route=\/wp\/v2\/pages\/388\/revisions\/1337"}],"up":[{"embeddable":true,"href":"http:\/\/sv-niederoefflingen.de\/index.php?rest_route=\/wp\/v2\/pages\/130"}],"wp:attachment":[{"href":"http:\/\/sv-niederoefflingen.de\/index.php?rest_route=%2Fwp%2Fv2%2Fmedia&parent=388"}],"curies":[{"name":"wp","href":"https:\/\/api.w.org\/{rel}","templated":true}]}}