{"id":354,"date":"2012-07-05T09:18:04","date_gmt":"2012-07-05T07:18:04","guid":{"rendered":"http:\/\/sv-niederoefflingen.de\/?page_id=354"},"modified":"2013-06-04T12:32:17","modified_gmt":"2013-06-04T10:32:17","slug":"wiedergrundung-1946","status":"publish","type":"page","link":"http:\/\/sv-niederoefflingen.de\/?page_id=354","title":{"rendered":"Wiedergr\u00fcndung 1946"},"content":{"rendered":"\n<!-- Facebook Like Button v1.9.6 BEGIN [http:\/\/blog.bottomlessinc.com] -->\n<iframe src=\"http:\/\/www.facebook.com\/plugins\/like.php?href=http%3A%2F%2Fsv-niederoefflingen.de%2F%3Fpage_id%3D354&amp;layout=button_count&amp;show_faces=false&amp;width=450&amp;action=like&amp;colorscheme=light\" scrolling=\"no\" frameborder=\"0\" allowTransparency=\"true\" style=\"border:none; overflow:hidden; width:450px; height: 30px; align: left; margin: 3px 2px 3px 2px\"><\/iframe>\n<!-- Facebook Like Button END -->\n<p><strong>Brief von Herrn Alfred Konrad an seinen Bruder Josef zur Wiedergr\u00fcndung des Sportvereins im Jahre 1946<\/strong><\/p>\n<p>Lieber Jipp,<\/p>\n<p>wunschgem\u00e4\u00df berichte ich Dir \u00fcber die Wiedergr\u00fcndung des Sportvereins Nieder\u00f6fflingen nach dem Kriege, im Jahre 1946. F\u00fcr die Richtigkeit aller Angaben kann ich nach nunmehr 46 Jahren nicht garantieren. Nach meiner Heimkehr aus Kriegsgefangenschaft im Februar 1946 kam Felten Albert &#8211; Albert Engel, Jahrgang 1921, auf mich zu mit der Bitte, ihn bei der Wiedergr\u00fcndung des Sportvereins Nieder\u00f6fflingen zu unterst\u00fctzen. Ich sagte gerne zu. Der Albert hatte damals schon Kontakt mit dem Sportverein Oberscheidweiler, der den Spielbetrieb schon aufgenommen hatte. Gelegentlich spielten dort einige Nieder\u00f6fflinger mit.<\/p>\n<p>Da sich im Dorf ein allgemeines Interesse an der Wiederbelebung des Sportgeschehens zeigte, wurde eine Versammlung in die Gastwirtschaft Stolz einberufen. Es erschien dazu viele M\u00e4nner und Jugendliche, unter ihnen auch Spieler der fr\u00fcheren DJK und inaktive Mitglieder des damaligen Vereins. Es wurde ein reges Interesse an einer Wiedergr\u00fcndung des Vereins und einer baldigen Aufnahme des Spielbetriebs bekundet.Vereinsgr\u00fcndungen mussten damals beim Landratsamt in Wittlich beantragt werden. Die Genehmigungen wurden nur von der franz\u00f6sischen Milit\u00e4rregierung erteilt. Ich wurde gebeten, mich beim Landratsamt Wittlich \u00fcber die erforderlichen Formalit\u00e4ten zu informieren. Es war beabsichtigt, den Verein wieder DJK Nieder\u00f6fflingen zu nennen. Dies war aber nicht m\u00f6glich, weil die DJK, die im Dritten Reich als konfessionelle Vereinigung verboten worden war, von der franz\u00f6sischen Verwaltung noch nicht zugelassen war. Mansche fr\u00fchere DJK-Vereine wurden auf Antrag sp\u00e4ter, nach Wiederzulassung des DJK-Verbandes, wieder in die DJK aufgenommen.<\/p>\n<p>Der SV Nieder\u00f6fflingen hat einen entsprechenden Antrag offensichtlich nicht gestellt. Als vom Landratsamt keine Einw\u00e4nde gegen eine Sportvereinsgr\u00fcndung erhoben wurden, traf man sich erneut im Gasthaus Stolz, diesmal zur Gr\u00fcnderversammlung. F\u00fcr die Wahl zum 1. Vorsitzenden wurden viele Vorschl\u00e4ge gemacht, aber zun\u00e4chst war niemand bereit, das Amt zu \u00fcbernehmen. Vorgeschlagen wurden Matthias Sch\u00e4fer, Peter Pohlen, Peter S\u00e4nger, alle fr\u00fchere DJK-Mitglieder, Edi Simonis, Matthias Kreutz, Alfred Konrad und wahrscheinlich noch einige andere. Ich selbst gab als Grund meiner Ablehnung an, dass ich voraussichtlich nur bis Fr\u00fchjahr 1947 in Nieder\u00f6fflingen bleiben w\u00fcrde. Nachdem Matthias Kreutz allseitige Unterst\u00fctzung zugesichert worden war, stellte er sich der Wahl. Soweit ich mich erinnere, wurde er, bei einiger Enthaltung, einstimmig gew\u00e4hlt. Wer damals au\u00dfer Matthias Kreutz noch in den Vorstand gew\u00e4hlt wurde, ist mir nicht mehr in Erinnerung. Matthias Kreutz und ich reichten den Genehmigungsantrag bei den zust\u00e4ndigen deutschen und franz\u00f6sischen Beh\u00f6rden ein. Die Erlaubnis zur Vereinsgr\u00fcndung wurde dann umgehend erteilt.<\/p>\n<p>Bevor der Spielbetrieb aufgenommen werden konnte, musste der v\u00f6llig verwahrloste Sportplatz bespielbar gemacht werden. Dabei halfen viele H\u00e4nde von alten und jungen Fu\u00dfballbegeisterten. Neue Tore wurden aufgestellt, und der Platz wurde abgegrenzt. Im nachhinein stellte man fest, dass das Spielfeld nicht rechteckig war, die Breite \u00fcberall gleich, die L\u00e4nge war auf einer Seite 86 m und auf der anderen 98 m. &#8211; Zum Spielen war f\u00fcr die Mannschaft ja einheitliche Spielerkleidung erforderlich. Gr\u00fcn-wei\u00df, die Farben der fr\u00fcheren DJK war nicht m\u00f6glich, weil kein gr\u00fcner Stoff aufzutreiben war. Schwarz und wei\u00df konnte beschafft werden. Die M\u00e4dchen und jungen Frauen hatten die Mannschaft in kurzer Zeit h\u00fcbsch eingekleidet. Problem Nr. 2 waren die Schuhe. Fu\u00dfballschuhe gab es nicht. Trotzdem, im ersten Spiel spielte keiner barfuss. Daf\u00fcr hatte Schuler Schoster -Johann Schiffels, ein fanatischer Anh\u00e4nger des Vereins, gesorgt. Er zauberte aus alten Schuhen brauchbare Fu\u00dfballschuhe. Ihm und Albert Engel, der leider schon im Herbst 1946 verstarb, geb\u00fchren Anerkennung und Dank.<\/p>\n<p>Der Spielbetrieb lief umgehend an. Daf\u00fcr sorgte Albert Engel, der zu vielen damals erreichbaren Vereinen Kontakt aufnahm. Er lebte und wirkte nur f\u00fcr den Sportverein. Sein \u00dcbereifer war derart, dass an einem Sonntag zwei Gastmannschaften, Oberscheidweiler und Manderscheid antraten. Nach langem hin und her spielte zuerst Nieder\u00f6fflingen gegen Oberscheidweiler 0:2 &#8211; und dann Nieder\u00f6fflingen mit Oberscheidweiler gegen Manderscheid 1:0. Mich pers\u00f6nlich hat es stets gewundert, dass man als Gr\u00fcndungsjahr des SV Nieder\u00f6fflingen 1946 zugrundelegt. Als wir damals, nach dem Kriege, den Sportverein wieder in seine Fr\u00fchere Existenz zur\u00fcckf\u00fchrten, sahen wir darin keine Neugr\u00fcndung, sondern eine Weiterf\u00fchrung der fr\u00fcheren DJK. Der Verein war ja nicht durch eigenes Wollen oder Verschulden, sondern durch politischen Machtentscheid aufgel\u00f6st worden.<\/p>\n<p>Als \u00e4u\u00dferes Zeichen der Weiterf\u00fchrung des DJK-Vereins durch den SV Nieder\u00f6fflingen darf auch die Wahl der Vereinsfarben gr\u00fcn und wei\u00df gewertet werden, die von den DJK-Spielern getragen wurden. Ich selbst w\u00fcrde es begr\u00fc\u00dfen, wenn man 1926 als Jahr der Vereinsgr\u00fcndung festlegen w\u00fcrde. Wir, die nach dem Kriege beim Wiedererstehen des Vereins mitgewirkt haben, legen keinen Wert darauf, als Gr\u00fcnder des SV Nieder\u00f6fflingen angesehen zu werden. Ich pers\u00f6nlich w\u00fcrde mich freuen, wenn man dem Verein das Alter zubilligen w\u00fcrde, das er tats\u00e4chlich hat. Bei den Vereinsfesten sollte man dieses Alter geb\u00fchrend feiern. Ich w\u00fcrde mich freuen, wenn mein Vorschlag einer Abstimmung und einem Mehrheitsentscheid vorgelegt und dementsprechend entschieden w\u00fcrde.<\/p>\n<p>&nbsp;<\/p>\n<p>Mit den besten W\u00fcnschen f\u00fcr ein weiteres erfolgreiches Vereinsgeschehen gr\u00fc\u00dfe ich alle Vereinsmitglieder recht herzlich.<\/p>\n","protected":false},"excerpt":{"rendered":"<p><strong>Brief von Herrn Alfred Konrad an seinen Bruder Josef zur Wiedergr\u00fcndung des Sportvereins im Jahre 1946<\/strong><\/p>\n<p>Lieber Jipp,<\/p>\n<p>wunschgem\u00e4\u00df berichte  \u2026 <a href=\"http:\/\/sv-niederoefflingen.de\/?page_id=354\">weiterlesen <span class=\"meta-nav\">&rarr; <\/span><\/a><\/p>\n","protected":false},"author":1,"featured_media":0,"parent":130,"menu_order":2,"comment_status":"closed","ping_status":"open","template":"","meta":[],"_links":{"self":[{"href":"http:\/\/sv-niederoefflingen.de\/index.php?rest_route=\/wp\/v2\/pages\/354"}],"collection":[{"href":"http:\/\/sv-niederoefflingen.de\/index.php?rest_route=\/wp\/v2\/pages"}],"about":[{"href":"http:\/\/sv-niederoefflingen.de\/index.php?rest_route=\/wp\/v2\/types\/page"}],"author":[{"embeddable":true,"href":"http:\/\/sv-niederoefflingen.de\/index.php?rest_route=\/wp\/v2\/users\/1"}],"replies":[{"embeddable":true,"href":"http:\/\/sv-niederoefflingen.de\/index.php?rest_route=%2Fwp%2Fv2%2Fcomments&post=354"}],"version-history":[{"count":3,"href":"http:\/\/sv-niederoefflingen.de\/index.php?rest_route=\/wp\/v2\/pages\/354\/revisions"}],"predecessor-version":[{"id":1339,"href":"http:\/\/sv-niederoefflingen.de\/index.php?rest_route=\/wp\/v2\/pages\/354\/revisions\/1339"}],"up":[{"embeddable":true,"href":"http:\/\/sv-niederoefflingen.de\/index.php?rest_route=\/wp\/v2\/pages\/130"}],"wp:attachment":[{"href":"http:\/\/sv-niederoefflingen.de\/index.php?rest_route=%2Fwp%2Fv2%2Fmedia&parent=354"}],"curies":[{"name":"wp","href":"https:\/\/api.w.org\/{rel}","templated":true}]}}