{"id":1970,"date":"2018-07-30T13:19:38","date_gmt":"2018-07-30T11:19:38","guid":{"rendered":"http:\/\/sv-niederoefflingen.de\/?page_id=1970"},"modified":"2020-04-16T10:49:31","modified_gmt":"2020-04-16T08:49:31","slug":"news","status":"publish","type":"page","link":"http:\/\/sv-niederoefflingen.de\/?page_id=1970","title":{"rendered":"News"},"content":{"rendered":"\n<!-- Facebook Like Button v1.9.6 BEGIN [http:\/\/blog.bottomlessinc.com] -->\n<iframe src=\"http:\/\/www.facebook.com\/plugins\/like.php?href=http%3A%2F%2Fsv-niederoefflingen.de%2F%3Fpage_id%3D1970&amp;layout=button_count&amp;show_faces=false&amp;width=450&amp;action=like&amp;colorscheme=light\" scrolling=\"no\" frameborder=\"0\" allowTransparency=\"true\" style=\"border:none; overflow:hidden; width:450px; height: 30px; align: left; margin: 3px 2px 3px 2px\"><\/iframe>\n<!-- Facebook Like Button END -->\n\n<p class=\"has-medium-font-size\">Corona-Update<\/p>\n\n\n\n<p class=\"has-normal-font-size\">Leider m\u00fcssen wir Euch mitteilen, dass die Kinderturnstunden weiterhin bis <strong>einschlie\u00dflich 04. Mai 2020 ausfallen<\/strong> m\u00fcssen. Nach Auskunft der Verbandsgemeinde Wittlich-Land finden in den n\u00e4chsten Tagen auf Kreisebene Gespr\u00e4che bezgl. der Hallenbelegung statt. \u00dcber die Ergebnisse werden wir Euch zeitnah informieren.<\/p>\n\n\n\n<p>Wir hoffen weiterhin auf Euer Verst\u00e4ndnis! Bleibt Gesund!<\/p>\n","protected":false},"excerpt":{"rendered":"<p class=\"has-medium-font-size\">Corona-Update<\/p>\n<p class=\"has-normal-font-size\">Leider m\u00fcssen wir Euch mitteilen, dass die Kinderturnstunden weiterhin bis <strong>einschlie\u00dflich 04. Mai 2020 ausfallen<\/strong> m\u00fcssen. Nach  \u2026 <a href=\"http:\/\/sv-niederoefflingen.de\/?page_id=1970\">weiterlesen <span class=\"meta-nav\">&rarr; <\/span><\/a><\/p>\n","protected":false},"author":1,"featured_media":0,"parent":70,"menu_order":3,"comment_status":"closed","ping_status":"closed","template":"template-page-with-intro.php","meta":[],"_links":{"self":[{"href":"http:\/\/sv-niederoefflingen.de\/index.php?rest_route=\/wp\/v2\/pages\/1970"}],"collection":[{"href":"http:\/\/sv-niederoefflingen.de\/index.php?rest_route=\/wp\/v2\/pages"}],"about":[{"href":"http:\/\/sv-niederoefflingen.de\/index.php?rest_route=\/wp\/v2\/types\/page"}],"author":[{"embeddable":true,"href":"http:\/\/sv-niederoefflingen.de\/index.php?rest_route=\/wp\/v2\/users\/1"}],"replies":[{"embeddable":true,"href":"http:\/\/sv-niederoefflingen.de\/index.php?rest_route=%2Fwp%2Fv2%2Fcomments&post=1970"}],"version-history":[{"count":8,"href":"http:\/\/sv-niederoefflingen.de\/index.php?rest_route=\/wp\/v2\/pages\/1970\/revisions"}],"predecessor-version":[{"id":2356,"href":"http:\/\/sv-niederoefflingen.de\/index.php?rest_route=\/wp\/v2\/pages\/1970\/revisions\/2356"}],"up":[{"embeddable":true,"href":"http:\/\/sv-niederoefflingen.de\/index.php?rest_route=\/wp\/v2\/pages\/70"}],"wp:attachment":[{"href":"http:\/\/sv-niederoefflingen.de\/index.php?rest_route=%2Fwp%2Fv2%2Fmedia&parent=1970"}],"curies":[{"name":"wp","href":"https:\/\/api.w.org\/{rel}","templated":true}]}}