{"id":180,"date":"2012-06-12T17:21:59","date_gmt":"2012-06-12T17:21:59","guid":{"rendered":"http:\/\/sv-niederoefflingen.de\/?page_id=180"},"modified":"2013-06-06T12:29:44","modified_gmt":"2013-06-06T10:29:44","slug":"haftungsausschluss","status":"publish","type":"page","link":"http:\/\/sv-niederoefflingen.de\/?page_id=180","title":{"rendered":"Haftungsausschluss"},"content":{"rendered":"\n<!-- Facebook Like Button v1.9.6 BEGIN [http:\/\/blog.bottomlessinc.com] -->\n<iframe src=\"http:\/\/www.facebook.com\/plugins\/like.php?href=http%3A%2F%2Fsv-niederoefflingen.de%2F%3Fpage_id%3D180&amp;layout=button_count&amp;show_faces=false&amp;width=450&amp;action=like&amp;colorscheme=light\" scrolling=\"no\" frameborder=\"0\" allowTransparency=\"true\" style=\"border:none; overflow:hidden; width:450px; height: 30px; align: left; margin: 3px 2px 3px 2px\"><\/iframe>\n<!-- Facebook Like Button END -->\n<p>Der Sportverein Nieder\u00f6fflingen ist stets bem\u00fcht, qualitativ hochwertige Informationen zur Verf\u00fcgung zu stellen. Dennoch \u00fcbernehmen wir keinerlei Gew\u00e4hr f\u00fcr die Aktualit\u00e4t, Korrektheit, Vollst\u00e4ndigkeit, Qualit\u00e4t oder Verf\u00fcgbarkeit der bereitgestellten Informationen.<\/p>\n<p>&nbsp;<\/p>\n<p>Haftungsanspr\u00fcche gegen die Betreiber der Website, die sich auf Sch\u00e4den materieller oder ideeller Art beziehen, welche durch die Nutzung oder Nichtnutzung der dargebotenen Informationen bzw. durch die Nutzung fehlerhafter und unvollst\u00e4ndiger Informationen verursacht wurden sind grunds\u00e4tzlich ausgeschlossen, sofern seitens der Betreiber kein nachweislich vors\u00e4tzliches oder grob fahrl\u00e4ssiges Verschulden vorliegt. Alle Angebote sind freibleibend und unverbindlich.<\/p>\n<p>&nbsp;<\/p>\n<p>Wir behalten es uns ausdr\u00fccklich vor, Teile der Seiten oder das gesamte Angebot ohne gesonderte Ank\u00fcndigung zu ver\u00e4ndern, zu erg\u00e4nzen, zu l\u00f6schen oder die Ver\u00f6ffentlichung zeitweise oder endg\u00fcltig einzustellen.<\/p>\n<p>&nbsp;<\/p>\n<p>Sofern auf Verweisziele direkt oder indirekt durch Links verwiesen wird, die au\u00dferhalb des Verantwortungsbereichs der Betreiber liegen, haftet dieser nur dann, wenn er von den Inhalten Kenntnis hatte und es technisch m\u00f6glich und zumutbar w\u00e4re, die Nutzung im Falle rechtswidriger Inhalte zu verhindern.<\/p>\n<p>&nbsp;<\/p>\n<p>Wir erkl\u00e4ren hiermit ausdr\u00fccklich, dass zum Zeitpunkt der Linksetzung keine illegalen Inhalte auf den zu verlinkenden Seiten erkennbar waren. Auf die aktuelle und zuk\u00fcnftige Gestaltung, die Inhalte oder die Urheberschaft der verlinkten\/verkn\u00fcpften Seiten hat der Autor keinerlei Einfluss.<\/p>\n<p>&nbsp;<\/p>\n<p>F\u00fcr dar\u00fcber hinausgehende Inhalte und insbesondere f\u00fcr Sch\u00e4den, die aus der Nutzung oder Nichtnutzung solcherart dargebotener Informationen entstehen, haftet allein der Anbieter dieser Seiten, nicht derjenige, der \u00fcber Links auf die jeweilige Ver\u00f6ffentlichung verweist. Diese Einschr\u00e4nkung gilt gleicherma\u00dfen auch f\u00fcr Fremdeintr\u00e4ge in G\u00e4steb\u00fcchern und Foren.<\/p>\n<p>&nbsp;<\/p>\n<p>Wir verwenden Links nur, um unseren Besuchern die M\u00f6glichkeit zu geben, sich weitere Informationen zu beschaffen. Ein Link bedeutet jedoch nicht, dass wir die entsprechenden fremden Seiten empfehlen oder dass wir uns die Inhalte zu eigen machen.<\/p>\n","protected":false},"excerpt":{"rendered":"<p>Der Sportverein Nieder\u00f6fflingen ist stets bem\u00fcht, qualitativ hochwertige Informationen zur Verf\u00fcgung zu stellen. Dennoch \u00fcbernehmen wir keinerlei Gew\u00e4hr f\u00fcr die  \u2026 <a href=\"http:\/\/sv-niederoefflingen.de\/?page_id=180\">weiterlesen <span class=\"meta-nav\">&rarr; <\/span><\/a><\/p>\n","protected":false},"author":1,"featured_media":0,"parent":99,"menu_order":4,"comment_status":"open","ping_status":"open","template":"template-page-with-intro.php","meta":[],"_links":{"self":[{"href":"http:\/\/sv-niederoefflingen.de\/index.php?rest_route=\/wp\/v2\/pages\/180"}],"collection":[{"href":"http:\/\/sv-niederoefflingen.de\/index.php?rest_route=\/wp\/v2\/pages"}],"about":[{"href":"http:\/\/sv-niederoefflingen.de\/index.php?rest_route=\/wp\/v2\/types\/page"}],"author":[{"embeddable":true,"href":"http:\/\/sv-niederoefflingen.de\/index.php?rest_route=\/wp\/v2\/users\/1"}],"replies":[{"embeddable":true,"href":"http:\/\/sv-niederoefflingen.de\/index.php?rest_route=%2Fwp%2Fv2%2Fcomments&post=180"}],"version-history":[{"count":8,"href":"http:\/\/sv-niederoefflingen.de\/index.php?rest_route=\/wp\/v2\/pages\/180\/revisions"}],"predecessor-version":[{"id":1374,"href":"http:\/\/sv-niederoefflingen.de\/index.php?rest_route=\/wp\/v2\/pages\/180\/revisions\/1374"}],"up":[{"embeddable":true,"href":"http:\/\/sv-niederoefflingen.de\/index.php?rest_route=\/wp\/v2\/pages\/99"}],"wp:attachment":[{"href":"http:\/\/sv-niederoefflingen.de\/index.php?rest_route=%2Fwp%2Fv2%2Fmedia&parent=180"}],"curies":[{"name":"wp","href":"https:\/\/api.w.org\/{rel}","templated":true}]}}