{"id":144,"date":"2012-06-11T18:59:13","date_gmt":"2012-06-11T18:59:13","guid":{"rendered":"http:\/\/sv-niederoefflingen.de\/?page_id=144"},"modified":"2016-04-25T20:30:32","modified_gmt":"2016-04-25T18:30:32","slug":"vorstand","status":"publish","type":"page","link":"http:\/\/sv-niederoefflingen.de\/?page_id=144","title":{"rendered":"Vorstand"},"content":{"rendered":"\n<!-- Facebook Like Button v1.9.6 BEGIN [http:\/\/blog.bottomlessinc.com] -->\n<iframe src=\"http:\/\/www.facebook.com\/plugins\/like.php?href=http%3A%2F%2Fsv-niederoefflingen.de%2F%3Fpage_id%3D144&amp;layout=button_count&amp;show_faces=false&amp;width=450&amp;action=like&amp;colorscheme=light\" scrolling=\"no\" frameborder=\"0\" allowTransparency=\"true\" style=\"border:none; overflow:hidden; width:450px; height: 30px; align: left; margin: 3px 2px 3px 2px\"><\/iframe>\n<!-- Facebook Like Button END -->\n<p>Wir sind ein dynamischer Verein, der seit seiner Gr\u00fcndung durch den f\u00fcr jeweils zwei Jahre gew\u00e4hlten Vorstand vertreten wird.<!--more--><\/p>\n\n<table id=\"wp-table-reloaded-id-7-no-1\" class=\"wp-table-reloaded wp-table-reloaded-id-7\">\n<thead>\n\t<tr class=\"row-1 odd\">\n\t\t<th class=\"column-1\">Name<\/th><th class=\"column-2\">Position<\/th><th class=\"column-3\">Telefon<\/th><th class=\"column-4\">eMail<\/th>\n\t<\/tr>\n<\/thead>\n<tbody class=\"row-hover\">\n\t<tr class=\"row-2 even\">\n\t\t<td class=\"column-1\">Hans-G\u00fcnter Ludwig<\/td><td class=\"column-2\">1. Vorsitzender<\/td><td class=\"column-3\">06574\/241<\/td><td class=\"column-4\"><a href=\"mailto:1.Vorsitzender@sv-niederoefflingen.de\" target=\"_blank\">1.Vorsitzender@sv-niederoefflingen.de<\/a><\/td>\n\t<\/tr>\n\t<tr class=\"row-3 odd\">\n\t\t<td class=\"column-1\">Meik Konrad<\/td><td class=\"column-2\">2. Vorsitzender<\/td><td class=\"column-3\"><\/td><td class=\"column-4\"><\/td>\n\t<\/tr>\n\t<tr class=\"row-4 even\">\n\t\t<td class=\"column-1\">Thomas Hees<\/td><td class=\"column-2\">1. Gesch\u00e4ftsf\u00fchrer<\/td><td class=\"column-3\"><\/td><td class=\"column-4\"><\/td>\n\t<\/tr>\n\t<tr class=\"row-5 odd\">\n\t\t<td class=\"column-1\">Tobias Schiffels<\/td><td class=\"column-2\">1. Kassierer<\/td><td class=\"column-3\"><\/td><td class=\"column-4\"><\/td>\n\t<\/tr>\n\t<tr class=\"row-6 even\">\n\t\t<td class=\"column-1\">Martin Ludwig<\/td><td class=\"column-2\">2. Gesch\u00e4ftsf\u00fchrer<\/td><td class=\"column-3\"><\/td><td class=\"column-4\"><a href=\"mailto:webmaster@sv-niederoefflingen.de\" target=\"_blank\">info@sv-niederoefflingen.de<\/a><\/td>\n\t<\/tr>\n\t<tr class=\"row-7 odd\">\n\t\t<td class=\"column-1\">Tony Engel<\/td><td class=\"column-2\">2. Kassierer<\/td><td class=\"column-3\"><\/td><td class=\"column-4\"><\/td>\n\t<\/tr>\n\t<tr class=\"row-8 even\">\n\t\t<td class=\"column-1\">Florian Weber<\/td><td class=\"column-2\">Koordinator Spielbetrieb Senioren<\/td><td class=\"column-3\"><\/td><td class=\"column-4\"><\/td>\n\t<\/tr>\n\t<tr class=\"row-9 odd\">\n\t\t<td class=\"column-1\">Nigel Horrell<\/td><td class=\"column-2\">Jugendleiter<\/td><td class=\"column-3\"><\/td><td class=\"column-4\"><\/td>\n\t<\/tr>\n\t<tr class=\"row-10 even\">\n\t\t<td class=\"column-1\">Marcel Eis<\/td><td class=\"column-2\">2. Jugendleiter<\/td><td class=\"column-3\"><\/td><td class=\"column-4\"><\/td>\n\t<\/tr>\n\t<tr class=\"row-11 odd\">\n\t\t<td class=\"column-1\">Michael Hees<\/td><td class=\"column-2\">Pressewart<\/td><td class=\"column-3\"><\/td><td class=\"column-4\"><a href=\"mailto:webmaster@sv-niederoefflingen.de\" target=\"_blank\">webmaster@sv-niederoefflingen.de<\/a><\/td>\n\t<\/tr>\n\t<tr class=\"row-12 even\">\n\t\t<td class=\"column-1\">J\u00fcrgen Schmitz<\/td><td class=\"column-2\">Ger\u00e4tewart<\/td><td class=\"column-3\"><\/td><td class=\"column-4\"><\/td>\n\t<\/tr>\n\t<tr class=\"row-13 odd\">\n\t\t<td class=\"column-1\">Niclas Ludwig<\/td><td class=\"column-2\">1. Platzwart<\/td><td class=\"column-3\"><\/td><td class=\"column-4\"><\/td>\n\t<\/tr>\n\t<tr class=\"row-14 even\">\n\t\t<td class=\"column-1\">Matthias Theisen<\/td><td class=\"column-2\">2. Platzwart<\/td><td class=\"column-3\"><\/td><td class=\"column-4\"><\/td>\n\t<\/tr>\n<\/tbody>\n<\/table>\n\n<p>Wir freuen uns auf Ihren Anruf und um jede Anregung rund um das Vereinsgeschehen.<\/p>\n<p>Tel.: 06574\/241<br \/>\neMail: <a href=\"mailto:info@sv-niederoefflingen.de\">info@sv-niederoefflingen.de<\/a><\/p>\n<p>&nbsp;<\/p>\n<p>&nbsp;<\/p>\n","protected":false},"excerpt":{"rendered":"<p>Wir sind ein dynamischer Verein, der seit seiner Gr\u00fcndung durch den f\u00fcr jeweils zwei Jahre gew\u00e4hlten Vorstand vertreten wird.<\/p>\n","protected":false},"author":1,"featured_media":0,"parent":150,"menu_order":1,"comment_status":"open","ping_status":"open","template":"template-page-with-intro.php","meta":[],"_links":{"self":[{"href":"http:\/\/sv-niederoefflingen.de\/index.php?rest_route=\/wp\/v2\/pages\/144"}],"collection":[{"href":"http:\/\/sv-niederoefflingen.de\/index.php?rest_route=\/wp\/v2\/pages"}],"about":[{"href":"http:\/\/sv-niederoefflingen.de\/index.php?rest_route=\/wp\/v2\/types\/page"}],"author":[{"embeddable":true,"href":"http:\/\/sv-niederoefflingen.de\/index.php?rest_route=\/wp\/v2\/users\/1"}],"replies":[{"embeddable":true,"href":"http:\/\/sv-niederoefflingen.de\/index.php?rest_route=%2Fwp%2Fv2%2Fcomments&post=144"}],"version-history":[{"count":14,"href":"http:\/\/sv-niederoefflingen.de\/index.php?rest_route=\/wp\/v2\/pages\/144\/revisions"}],"predecessor-version":[{"id":1823,"href":"http:\/\/sv-niederoefflingen.de\/index.php?rest_route=\/wp\/v2\/pages\/144\/revisions\/1823"}],"up":[{"embeddable":true,"href":"http:\/\/sv-niederoefflingen.de\/index.php?rest_route=\/wp\/v2\/pages\/150"}],"wp:attachment":[{"href":"http:\/\/sv-niederoefflingen.de\/index.php?rest_route=%2Fwp%2Fv2%2Fmedia&parent=144"}],"curies":[{"name":"wp","href":"https:\/\/api.w.org\/{rel}","templated":true}]}}