{"id":133,"date":"2012-06-11T18:54:11","date_gmt":"2012-06-11T18:54:11","guid":{"rendered":"http:\/\/sv-niederoefflingen.de\/?page_id=133"},"modified":"2018-01-15T07:49:19","modified_gmt":"2018-01-15T06:49:19","slug":"ferienfreizeit","status":"publish","type":"page","link":"http:\/\/sv-niederoefflingen.de\/?page_id=133","title":{"rendered":"Ferienfreizeit"},"content":{"rendered":"\n<!-- Facebook Like Button v1.9.6 BEGIN [http:\/\/blog.bottomlessinc.com] -->\n<iframe src=\"http:\/\/www.facebook.com\/plugins\/like.php?href=http%3A%2F%2Fsv-niederoefflingen.de%2F%3Fpage_id%3D133&amp;layout=button_count&amp;show_faces=false&amp;width=450&amp;action=like&amp;colorscheme=light\" scrolling=\"no\" frameborder=\"0\" allowTransparency=\"true\" style=\"border:none; overflow:hidden; width:450px; height: 30px; align: left; margin: 3px 2px 3px 2px\"><\/iframe>\n<!-- Facebook Like Button END -->\n<p><img decoding=\"async\" loading=\"lazy\" class=\"alignleft size-medium wp-image-455\" title=\"f4_480\" src=\"http:\/\/sv-niederoefflingen.de\/wp-content\/uploads\/2012\/06\/f4_480-300x207.jpg\" alt=\"\" width=\"126\" height=\"87\" srcset=\"http:\/\/sv-niederoefflingen.de\/wp-content\/uploads\/2012\/06\/f4_480-300x207.jpg 300w, http:\/\/sv-niederoefflingen.de\/wp-content\/uploads\/2012\/06\/f4_480.jpg 480w\" sizes=\"(max-width: 126px) 100vw, 126px\" \/>Wo sind die Heringe, ich hab den Hammer vergessen, kannst du mir die Luftmatratze aufpusten, wo ist mein Schlafsack. Gro\u00dfes Treiben auf dem Sportgel\u00e4nde in Nieder\u00f6fflingen.\u00a0\u00dcber 40\u00a0Kinder und ein Betreuerteam errichten jedes Jahr ihr Zeltdorf um gemeinsam ein Ferienwochenende zu verbringen.\u00a0Unser Verpflegungsteam\u00a0umsorgt in den drei Tagen die Teilnehmer mit\u00a0k\u00fchlen Getr\u00e4nken und frisch zubereiteten Speisen. Ein Lagerfeuer darf nat\u00fcrlich auch nicht fehlen&#8230;&#8230;<\/p>\n<h4><\/h4>\n<h4>Interesse !!<\/h4>\n<p>Die Termine werden jedes Jahr rechtzeitig auf unserer <a title=\"Homepage\" href=\"http:\/\/sv-niederoefflingen.de\">Homepage<\/a> und im <a title=\"Amtsblatt\" href=\"http:\/\/db.sanet.de\/index.a4d?heftnr=0746:\/\/\" target=\"_blank\" rel=\"noopener\">Amtsbl\u00e4ttchen der Gemeinde<\/a> bekanntgegeben.<\/p>\n<p><img decoding=\"async\" loading=\"lazy\" class=\"alignleft size-thumbnail wp-image-433\" title=\"adobe\" src=\"http:\/\/sv-niederoefflingen.de\/wp-content\/uploads\/2012\/06\/adobe-150x150.jpg\" alt=\"\" width=\"18\" height=\"21\" \/><a href=\"http:\/\/sv-niederoefflingen.de\/wp-content\/uploads\/2012\/06\/Anmeldung-Ferienfreizeit-1.pdf\" target=\"_blank\" rel=\"noopener\">Anmeldung Ferienfreizeit<\/a><\/p>\n<p>&nbsp;<\/p>\n","protected":false},"excerpt":{"rendered":"<p><img decoding=\"async\" loading=\"lazy\" class=\"alignleft size-medium wp-image-455\" title=\"f4_480\" src=\"http:\/\/sv-niederoefflingen.de\/wp-content\/uploads\/2012\/06\/f4_480-300x207.jpg\" alt=\"\" width=\"126\" height=\"87\" srcset=\"http:\/\/sv-niederoefflingen.de\/wp-content\/uploads\/2012\/06\/f4_480-300x207.jpg 300w, http:\/\/sv-niederoefflingen.de\/wp-content\/uploads\/2012\/06\/f4_480.jpg 480w\" sizes=\"(max-width: 126px) 100vw, 126px\" \/>Wo  \u2026 <a href=\"http:\/\/sv-niederoefflingen.de\/?page_id=133\">weiterlesen <span class=\"meta-nav\">&rarr; <\/span><\/a><\/p>\n","protected":false},"author":1,"featured_media":453,"parent":70,"menu_order":3,"comment_status":"open","ping_status":"open","template":"template-page-with-intro.php","meta":[],"_links":{"self":[{"href":"http:\/\/sv-niederoefflingen.de\/index.php?rest_route=\/wp\/v2\/pages\/133"}],"collection":[{"href":"http:\/\/sv-niederoefflingen.de\/index.php?rest_route=\/wp\/v2\/pages"}],"about":[{"href":"http:\/\/sv-niederoefflingen.de\/index.php?rest_route=\/wp\/v2\/types\/page"}],"author":[{"embeddable":true,"href":"http:\/\/sv-niederoefflingen.de\/index.php?rest_route=\/wp\/v2\/users\/1"}],"replies":[{"embeddable":true,"href":"http:\/\/sv-niederoefflingen.de\/index.php?rest_route=%2Fwp%2Fv2%2Fcomments&post=133"}],"version-history":[{"count":19,"href":"http:\/\/sv-niederoefflingen.de\/index.php?rest_route=\/wp\/v2\/pages\/133\/revisions"}],"predecessor-version":[{"id":1920,"href":"http:\/\/sv-niederoefflingen.de\/index.php?rest_route=\/wp\/v2\/pages\/133\/revisions\/1920"}],"up":[{"embeddable":true,"href":"http:\/\/sv-niederoefflingen.de\/index.php?rest_route=\/wp\/v2\/pages\/70"}],"wp:featuredmedia":[{"embeddable":true,"href":"http:\/\/sv-niederoefflingen.de\/index.php?rest_route=\/wp\/v2\/media\/453"}],"wp:attachment":[{"href":"http:\/\/sv-niederoefflingen.de\/index.php?rest_route=%2Fwp%2Fv2%2Fmedia&parent=133"}],"curies":[{"name":"wp","href":"https:\/\/api.w.org\/{rel}","templated":true}]}}