{"id":127,"date":"2012-06-11T18:51:58","date_gmt":"2012-06-11T18:51:58","guid":{"rendered":"http:\/\/sv-niederoefflingen.de\/?page_id=127"},"modified":"2016-01-08T18:45:39","modified_gmt":"2016-01-08T17:45:39","slug":"frauenfussball","status":"publish","type":"page","link":"http:\/\/sv-niederoefflingen.de\/?page_id=127","title":{"rendered":"Damenfussball"},"content":{"rendered":"\n<!-- Facebook Like Button v1.9.6 BEGIN [http:\/\/blog.bottomlessinc.com] -->\n<iframe src=\"http:\/\/www.facebook.com\/plugins\/like.php?href=http%3A%2F%2Fsv-niederoefflingen.de%2F%3Fpage_id%3D127&amp;layout=button_count&amp;show_faces=false&amp;width=450&amp;action=like&amp;colorscheme=light\" scrolling=\"no\" frameborder=\"0\" allowTransparency=\"true\" style=\"border:none; overflow:hidden; width:450px; height: 30px; align: left; margin: 3px 2px 3px 2px\"><\/iframe>\n<!-- Facebook Like Button END -->\n<p><strong>Auch Frauen spiel(t)en Fu\u00dfball !<\/strong><\/p>\n<p>Fu\u00dfballspieler aus Nieder\u00f6fflingen sind \u00fcberregional bekannt. Nachdem sich der SV Nieder\u00f6fflingen e.V. im Jahre 1992 mit den Sportvereinen aus Laufeld und Wallscheid zu einer Spielgemeinschaft zusammenschloss und in der Folge mit seiner 1. Mannschaft bis in die Verbandsliga Rheinland aufstieg, ist der Verein von Trier bis in den Westerwald hinein bekannt.<\/p>\n<p>Das auch Frauen aus Nieder\u00f6fflingen Fu\u00dfball spielten ist hingegen nicht so im Focus der breiten \u00d6ffentlichkeit. Nachdem sich in den 50er Jahren eine gute Frauen-Handballmannschaft gebildet hatte, spielte man bereits Anfang der 80er Jahre auf unseren Sportfesten Fu\u00dfball. Dies mehr oder weniger regelm\u00e4\u00dfig.<\/p>\n<p>Wenn sich gegnerische Mannschaften fanden, gegen diese, und sonst im traditionellen Derby Ober- gegen Unterdorf. Es wurde gespielt, geackert, gek\u00e4mpft, geschossen, geflankt, gek\u00f6pft, sich festgebissen und kein Meter Platz dem Gegner \u00fcberlassen. Erst nach dem Spiel war man sich wieder einig, manchmal sogar in der Schelte der Schiedsrichter und feierte zusammen.<\/p>\n<p>In den ersten Spielen standen noch Urgesteine wie Brocher Maria, Theisen Gisela und Metzen \u00c4nni auf dem Platz. Ende der 80er und in den 90ern wurde bis zu 6 Wochen vorher mit dem zweimal w\u00f6chentlichen Training unter der Leitung von Horst Rodermund begonnen. Dies meist auf dem (Ausweich-) Platz in Gipperath. Die Fortschritte bei der Ballbehandlung, der Koordination, der Physis und in der strategischen Ausrichtung in dieser Zeit waren enorm.<\/p>\n<p>Beigef\u00fcgte Mannschaftsfotos stammen aus den Jahren 1988, 1998, 1999 und 2004. Bei der Begegnung in 1998 gewann das Unterdorf mit 1:0. Der damalige 1. Vorsitzende Josef Konrad nahm die Siegerehrung vor. Die Spielf\u00fchrerin des Unterdorfes Margot Schuhmacher nahm den Pokal entgegen. Im Jahre 1999 schlug das Oberdorf erfolgreich zur\u00fcck. Nach einem 0:1 R\u00fcckstand drehte man den Spie\u00df um und gewann verdient mit 2:1.<\/p>\n<p><img decoding=\"async\" loading=\"lazy\" class=\"alignnone size-full wp-image-280\" title=\"team2004_480\" src=\"http:\/\/sv-niederoefflingen.de\/wp-content\/uploads\/2012\/06\/team2004_480.gif\" alt=\"\" width=\"480\" height=\"360\" srcset=\"http:\/\/sv-niederoefflingen.de\/wp-content\/uploads\/2012\/06\/team2004_480.gif 480w, http:\/\/sv-niederoefflingen.de\/wp-content\/uploads\/2012\/06\/team2004_480-300x225.gif 300w\" sizes=\"(max-width: 480px) 100vw, 480px\" \/><\/p>\n<p>Erg\u00e4nzungen oder Berichtigungen zu diesem Bericht werden gerne entgegen genommen. Ebenfalls w\u00fcrden wir uns \u00fcber weitere Mannschafts-Bilder sehr freuen. Ob sich noch einmal junge, sportbegeisterte Frauen f\u00fcr ein neues Spiel finden, wird die Zukunft zeigen.<\/p>\n<p><strong>(Bericht: Horst Rodermund)<\/strong><\/p>\n<p>Seit nunmehr 3 Jahren haben sich wieder einige junge Frauen zusammengetan, um jedes Jahr auf dem Sportfest ein Duell &#8222;Unterdorf gegen Oberdorf&#8220; auszutragen. Ganz ohne &#8222;Ausw\u00e4rtige&#8220; geht es zwar nicht, doch ist es jedes Jahr ein Highlight und daher nicht ohne Grund das &#8222;Topspiel&#8220; des Sportfestes. Trainiert werden sie von Florian Weber und Stefan Rauen.<\/p>\n","protected":false},"excerpt":{"rendered":"<p><strong>Auch Frauen spiel(t)en Fu\u00dfball !<\/strong><\/p>\n<p>Fu\u00dfballspieler aus Nieder\u00f6fflingen sind \u00fcberregional bekannt. Nachdem sich der SV Nieder\u00f6fflingen e.V. im Jahre 1992  \u2026 <a href=\"http:\/\/sv-niederoefflingen.de\/?page_id=127\">weiterlesen <span class=\"meta-nav\">&rarr; <\/span><\/a><\/p>\n","protected":false},"author":1,"featured_media":0,"parent":58,"menu_order":4,"comment_status":"closed","ping_status":"open","template":"","meta":[],"_links":{"self":[{"href":"http:\/\/sv-niederoefflingen.de\/index.php?rest_route=\/wp\/v2\/pages\/127"}],"collection":[{"href":"http:\/\/sv-niederoefflingen.de\/index.php?rest_route=\/wp\/v2\/pages"}],"about":[{"href":"http:\/\/sv-niederoefflingen.de\/index.php?rest_route=\/wp\/v2\/types\/page"}],"author":[{"embeddable":true,"href":"http:\/\/sv-niederoefflingen.de\/index.php?rest_route=\/wp\/v2\/users\/1"}],"replies":[{"embeddable":true,"href":"http:\/\/sv-niederoefflingen.de\/index.php?rest_route=%2Fwp%2Fv2%2Fcomments&post=127"}],"version-history":[{"count":9,"href":"http:\/\/sv-niederoefflingen.de\/index.php?rest_route=\/wp\/v2\/pages\/127\/revisions"}],"predecessor-version":[{"id":1805,"href":"http:\/\/sv-niederoefflingen.de\/index.php?rest_route=\/wp\/v2\/pages\/127\/revisions\/1805"}],"up":[{"embeddable":true,"href":"http:\/\/sv-niederoefflingen.de\/index.php?rest_route=\/wp\/v2\/pages\/58"}],"wp:attachment":[{"href":"http:\/\/sv-niederoefflingen.de\/index.php?rest_route=%2Fwp%2Fv2%2Fmedia&parent=127"}],"curies":[{"name":"wp","href":"https:\/\/api.w.org\/{rel}","templated":true}]}}