{"id":1234,"date":"2011-08-13T08:46:37","date_gmt":"2011-08-13T06:46:37","guid":{"rendered":"http:\/\/sv-niederoefflingen.de\/?p=1234"},"modified":"2013-06-06T13:16:41","modified_gmt":"2013-06-06T11:16:41","slug":"sieg-im-vg-pokal","status":"publish","type":"page","link":"http:\/\/sv-niederoefflingen.de\/?page_id=1234","title":{"rendered":"Sieg im VG-Pokal"},"content":{"rendered":"\n<!-- Facebook Like Button v1.9.6 BEGIN [http:\/\/blog.bottomlessinc.com] -->\n<iframe src=\"http:\/\/www.facebook.com\/plugins\/like.php?href=http%3A%2F%2Fsv-niederoefflingen.de%2F%3Fpage_id%3D1234&amp;layout=button_count&amp;show_faces=false&amp;width=450&amp;action=like&amp;colorscheme=light\" scrolling=\"no\" frameborder=\"0\" allowTransparency=\"true\" style=\"border:none; overflow:hidden; width:450px; height: 30px; align: left; margin: 3px 2px 3px 2px\"><\/iframe>\n<!-- Facebook Like Button END -->\n<p>AH Nieder\u00f6fflingen gewinnt Endspiel um den VG-Pokal 2011<\/p>\n<p>Im Jahre 2010 hatte die AH Mannschaft des SV Nieder\u00f6fflingen erstmals das Endspiel um den VG Pokal der VG Manderscheid erreicht. Aufgrund einiger fehlender und verletzter Stammspieler reichte es seinerzeit noch nicht, um der AH Manderscheid beim Endspiel erfolgreich Paroli bieten zu k\u00f6nnen.<\/p>\n<p>In diesem Jahre unternahm man unter Trainer und Spielf\u00fchrer K. Ahnen einen neuen Anlauf. Wie im Vorjahr trafen wir in der Vorrunde am 18.06.11 auf dem Sportfest des SV Vulkan Manderscheid auf unsere Sportfreunde aus Bettenfeld. Nach einem sehr problematischen Beginn in der ersten Halbzeit, konnten wir durch Tore in der zweiten Halbzeit die Partie doch noch deutlich f\u00fcr uns entscheiden. Tore durch Udo Thiel (2), Stefan Simonis (2) und Christian Ludwig f\u00fchrten zum Endergebnis von 5:2.<\/p>\n<p>Ebenfalls wie im Vorjahr hatte sich auch dieses Mal die AH Hasborn\/Plein gegen die AH Laufeld durchsetzen k\u00f6nnen, so dass wir im Halbfinale wieder auf unsere Sportfreunde aus Hasborn und Plein trafen. Auf dem Sportfest in der DJK Buchholz in Eckfeld trafen wir am 18.07.11 im ersten Halbfinalspiel aufeinander. Auch hier machte sich unsere d\u00fcnne Spielerdecke bemerkbar. M. Theisen musste verletzt auflaufen, T. Engel verletzte sich bereits nach ca.10 Minuten. Beide mussten jedoch auf die Z\u00e4hne bei\u00dfen, da kein gesunder Spieler auf der Auswechselbank sa\u00df, sondern nur noch der ebenfalls verletzte K. Ahnen. Trotzdem konnten wir durch Ch. Ludwig mit 1:0 in F\u00fchrung gehen. Nach dem Ausgleich durch einen umstrittenen Foul-Elfmeter in der zweiten H\u00e4lfte kam es zum Elmeter-Schie\u00dfen. Anders, als so oft in der Vergangenheit, konnten wir dieses Mal mit 8:7 die Oberhand gewinnen und standen erneut um Endspiel.<\/p>\n<p>Ebenfalls \u00fcberraschend hatte sich im zweiten Halbfinalspiel die AH Meerfeld\/Deudesfeld gegen die AH Buchholz, ebenfalls im Elmeter-Schie\u00dfen, durchsetzen k\u00f6nnen.<\/p>\n<p>Auf dem Sportfest der AH Laufeld kam so am 13.08.11 zur Endspielpaarung AH Nieder\u00f6fflingen &#8211; AH Meerfeld\/Deudesfeld. Dieses Mal standen jedoch wichtige Spieler zur Verf\u00fcgung. Keiner war verletzt. Diese Probleme hatte nun die AH Meerf.\/Deudesfeld. Einige Spieler fehlten verletzt, andere verletzten sich w\u00e4hrend dem Spiel. Nach dem ersten Angriffselan der Ah Meerfeld\/Deudesfeld gelang es unserer Mannschaft zusehends an Stabilit\u00e4t zu gewinnen und das Spiel zu kontrollieren. Die Abwehr vor Keeper U. Repp stand sehr sicher und unser Mittelfeld machte das Spiel. So kam es, wie es kommen musste. Nach zwei herrlich vergetragenen Angriffen konnte M. Ahnen u\u00edn der 52.Minute das 1:0 erzielen. Ch. Ludwig erh\u00f6hte in der 56.Minute auf 2:0. Das Spiel war gelaufen.<\/p>\n<p>Die AH Nieder\u00f6fflingen hatte zum ersten Mal den lange begehrten Pokal der VG Manderscheid gewonnen. Diesen konnte Spielf\u00fchrer K. Ahnen bei der Siegerehrung durch den B\u00fcrgermeister der VG Manderscheid, Herrn W. Schmitz, unter gro\u00dfem Jubel der mitgereisten Anh\u00e4nger entgegen nehmen. (siehe Bld anbei) Wie zu vernehmen war, wurde das Ergebnis anschlie\u00dfend auch geb\u00fchrend gefeiert.<\/p>\n<p><a href=\"http:\/\/sv-niederoefflingen.de\/wp-content\/uploads\/2013\/04\/VG-Pokal-2011-Bild-1.jpg\"><img decoding=\"async\" loading=\"lazy\" class=\"alignnone size-medium wp-image-1235\" src=\"http:\/\/sv-niederoefflingen.de\/wp-content\/uploads\/2013\/04\/VG-Pokal-2011-Bild-1-300x200.jpg\" alt=\"\" width=\"300\" height=\"200\" srcset=\"http:\/\/sv-niederoefflingen.de\/wp-content\/uploads\/2013\/04\/VG-Pokal-2011-Bild-1-300x200.jpg 300w, http:\/\/sv-niederoefflingen.de\/wp-content\/uploads\/2013\/04\/VG-Pokal-2011-Bild-1-224x150.jpg 224w, http:\/\/sv-niederoefflingen.de\/wp-content\/uploads\/2013\/04\/VG-Pokal-2011-Bild-1.jpg 1024w\" sizes=\"(max-width: 300px) 100vw, 300px\" \/><\/a><\/p>\n<p>(Bericht: Horst Rodermund)<\/p>\n","protected":false},"excerpt":{"rendered":"<p>AH Nieder\u00f6fflingen gewinnt Endspiel um den VG-Pokal 2011<\/p>\n<p>Im Jahre 2010 hatte die AH Mannschaft des SV Nieder\u00f6fflingen erstmals das  \u2026 <a href=\"http:\/\/sv-niederoefflingen.de\/?page_id=1234\">weiterlesen <span class=\"meta-nav\">&rarr; <\/span><\/a><\/p>\n","protected":false},"author":3,"featured_media":0,"parent":1166,"menu_order":3,"comment_status":"open","ping_status":"open","template":"template-page-with-intro.php","meta":[],"_links":{"self":[{"href":"http:\/\/sv-niederoefflingen.de\/index.php?rest_route=\/wp\/v2\/pages\/1234"}],"collection":[{"href":"http:\/\/sv-niederoefflingen.de\/index.php?rest_route=\/wp\/v2\/pages"}],"about":[{"href":"http:\/\/sv-niederoefflingen.de\/index.php?rest_route=\/wp\/v2\/types\/page"}],"author":[{"embeddable":true,"href":"http:\/\/sv-niederoefflingen.de\/index.php?rest_route=\/wp\/v2\/users\/3"}],"replies":[{"embeddable":true,"href":"http:\/\/sv-niederoefflingen.de\/index.php?rest_route=%2Fwp%2Fv2%2Fcomments&post=1234"}],"version-history":[{"count":9,"href":"http:\/\/sv-niederoefflingen.de\/index.php?rest_route=\/wp\/v2\/pages\/1234\/revisions"}],"predecessor-version":[{"id":1408,"href":"http:\/\/sv-niederoefflingen.de\/index.php?rest_route=\/wp\/v2\/pages\/1234\/revisions\/1408"}],"up":[{"embeddable":true,"href":"http:\/\/sv-niederoefflingen.de\/index.php?rest_route=\/wp\/v2\/pages\/1166"}],"wp:attachment":[{"href":"http:\/\/sv-niederoefflingen.de\/index.php?rest_route=%2Fwp%2Fv2%2Fmedia&parent=1234"}],"curies":[{"name":"wp","href":"https:\/\/api.w.org\/{rel}","templated":true}]}}