{"id":102,"date":"2012-06-11T18:41:08","date_gmt":"2012-06-11T18:41:08","guid":{"rendered":"http:\/\/sv-niederoefflingen.de\/?page_id=102"},"modified":"2019-01-28T07:30:12","modified_gmt":"2019-01-28T06:30:12","slug":"mitglied-werden","status":"publish","type":"page","link":"http:\/\/sv-niederoefflingen.de\/?page_id=102","title":{"rendered":"Mitglied werden"},"content":{"rendered":"\n<!-- Facebook Like Button v1.9.6 BEGIN [http:\/\/blog.bottomlessinc.com] -->\n<iframe src=\"http:\/\/www.facebook.com\/plugins\/like.php?href=http%3A%2F%2Fsv-niederoefflingen.de%2F%3Fpage_id%3D102&amp;layout=button_count&amp;show_faces=false&amp;width=450&amp;action=like&amp;colorscheme=light\" scrolling=\"no\" frameborder=\"0\" allowTransparency=\"true\" style=\"border:none; overflow:hidden; width:450px; height: 30px; align: left; margin: 3px 2px 3px 2px\"><\/iframe>\n<!-- Facebook Like Button END -->\n<p>Der Stellenwert des organisierten Sports und seine gesellschaftliche Relevanz sind auch im neuen Jahrhundert von stetig wachsender Bedeutung. Sein Einfluss auf die individuelle Lebensgestaltung und das soziale Miteinander in unserem Gemeinwesen kann gar nicht hoch genug eingesch\u00e4tzt werden.<\/p>\n<p>Dabei stehen nicht nur Aspekte wie Leistung und sportlicher Wettstreit im Mittelpunkt. Neben individualistischen Themen wie Fitness, Gesundheit und Wohlbefinden, K\u00f6rpererfahrung und Selbstverwirklichung, gewinnen sozialrelevante Momente wie beispielsweise Integration und Toleranz an \u00f6ffentlicher Aufmerksamkeit. Unsere Abteilungen bieten in vielen Bereichen, speziell auch f\u00fcr unsere Kinder, einen wichtigen Beitrag und Ausgleich.<\/p>\n<p>Werden Sie Mitglied in unserem Sportverein.<\/p>\n<p><a href=\"http:\/\/sv-niederoefflingen.de\/wp-content\/uploads\/2019\/01\/Beitrittserkl\u00e4rung_2019.pdf\" target=\"_blank\" rel=\"noopener\">Beitrittserkl\u00e4rung_2019<\/a><\/p>\n<p>Fragen:\u00a0 <a title=\"Kontakt\" href=\"http:\/\/sv-niederoefflingen.de\/?page_id=150\">Wir&#8230;<\/a> beraten Sie gerne.<\/p>\n","protected":false},"excerpt":{"rendered":"<p>Der Stellenwert des organisierten Sports und seine gesellschaftliche Relevanz sind auch im neuen Jahrhundert von stetig wachsender Bedeutung. Sein Einfluss  \u2026 <a href=\"http:\/\/sv-niederoefflingen.de\/?page_id=102\">weiterlesen <span class=\"meta-nav\">&rarr; <\/span><\/a><\/p>\n","protected":false},"author":1,"featured_media":0,"parent":99,"menu_order":3,"comment_status":"open","ping_status":"open","template":"template-page-with-intro.php","meta":[],"_links":{"self":[{"href":"http:\/\/sv-niederoefflingen.de\/index.php?rest_route=\/wp\/v2\/pages\/102"}],"collection":[{"href":"http:\/\/sv-niederoefflingen.de\/index.php?rest_route=\/wp\/v2\/pages"}],"about":[{"href":"http:\/\/sv-niederoefflingen.de\/index.php?rest_route=\/wp\/v2\/types\/page"}],"author":[{"embeddable":true,"href":"http:\/\/sv-niederoefflingen.de\/index.php?rest_route=\/wp\/v2\/users\/1"}],"replies":[{"embeddable":true,"href":"http:\/\/sv-niederoefflingen.de\/index.php?rest_route=%2Fwp%2Fv2%2Fcomments&post=102"}],"version-history":[{"count":15,"href":"http:\/\/sv-niederoefflingen.de\/index.php?rest_route=\/wp\/v2\/pages\/102\/revisions"}],"predecessor-version":[{"id":2123,"href":"http:\/\/sv-niederoefflingen.de\/index.php?rest_route=\/wp\/v2\/pages\/102\/revisions\/2123"}],"up":[{"embeddable":true,"href":"http:\/\/sv-niederoefflingen.de\/index.php?rest_route=\/wp\/v2\/pages\/99"}],"wp:attachment":[{"href":"http:\/\/sv-niederoefflingen.de\/index.php?rest_route=%2Fwp%2Fv2%2Fmedia&parent=102"}],"curies":[{"name":"wp","href":"https:\/\/api.w.org\/{rel}","templated":true}]}}